{"id":9797,"date":"2026-04-04T17:33:40","date_gmt":"2026-04-04T15:33:40","guid":{"rendered":"https:\/\/garojeux.fr\/?page_id=9797"},"modified":"2026-04-04T20:05:37","modified_gmt":"2026-04-04T18:05:37","slug":"depot-vente","status":"publish","type":"page","link":"https:\/\/garojeux.fr\/index.php\/2142-2\/depot-vente\/","title":{"rendered":"D\u00e9p\u00f4t &#8211; vente"},"content":{"rendered":"\t\t<div data-elementor-type=\"wp-post\" data-elementor-id=\"9797\" class=\"elementor elementor-9797\">\n\t\t\t\t\t\t\t\t\t<section class=\"elementor-section elementor-top-section elementor-element elementor-element-6aa1a31a elementor-section-boxed elementor-section-height-default elementor-section-height-default\" data-id=\"6aa1a31a\" data-element_type=\"section\">\n\t\t\t\t\t\t<div class=\"elementor-container elementor-column-gap-default\">\n\t\t\t\t\t<div class=\"elementor-column elementor-col-100 elementor-top-column elementor-element elementor-element-2683d821\" data-id=\"2683d821\" data-element_type=\"column\">\n\t\t\t<div class=\"elementor-widget-wrap elementor-element-populated\">\n\t\t\t\t\t\t\t\t<div class=\"elementor-element elementor-element-bee74bd elementor-widget elementor-widget-heading\" data-id=\"bee74bd\" data-element_type=\"widget\" data-widget_type=\"heading.default\">\n\t\t\t\t<div class=\"elementor-widget-container\">\n\t\t\t<h2 class=\"elementor-heading-title elementor-size-xxl\">JEUX EN DEP\u00d4T-VENTE<\/h2>\t\t<\/div>\n\t\t\t\t<\/div>\n\t\t\t\t\t<\/div>\n\t\t<\/div>\n\t\t\t\t\t\t\t<\/div>\n\t\t<\/section>\n\t\t\t\t<section class=\"elementor-section elementor-top-section elementor-element elementor-element-3c540ab6 elementor-section-boxed elementor-section-height-default elementor-section-height-default\" data-id=\"3c540ab6\" data-element_type=\"section\">\n\t\t\t\t\t\t<div class=\"elementor-container elementor-column-gap-default\">\n\t\t\t\t\t<div class=\"elementor-column elementor-col-100 elementor-top-column elementor-element elementor-element-16e8eb5e\" data-id=\"16e8eb5e\" data-element_type=\"column\">\n\t\t\t<div class=\"elementor-widget-wrap elementor-element-populated\">\n\t\t\t\t\t\t\t\t<div class=\"elementor-element elementor-element-5cbb0f0b elementor-widget-divider--separator-type-pattern elementor-widget-divider--no-spacing elementor-widget-divider--view-line elementor-widget elementor-widget-divider\" data-id=\"5cbb0f0b\" data-element_type=\"widget\" data-widget_type=\"divider.default\">\n\t\t\t\t<div class=\"elementor-widget-container\">\n\t\t\t\t\t<div class=\"elementor-divider\" style=\"--divider-pattern-url: url(&quot;data:image\/svg+xml,%3Csvg xmlns=&#039;http:\/\/www.w3.org\/2000\/svg&#039; preserveAspectRatio=&#039;xMidYMid meet&#039; overflow=&#039;visible&#039; height=&#039;100%&#039; viewBox=&#039;0 0 126 26&#039; fill=&#039;black&#039; stroke=&#039;none&#039;%3E%3Cpath d=&#039;M3,10.2c2.6,0,2.6,2,2.6,3.2S4.4,16.5,3,16.5s-3-1.4-3-3.2S0.4,10.2,3,10.2z M18.8,10.2c1.7,0,3.2,1.4,3.2,3.2s-1.4,3.2-3.2,3.2c-1.7,0-3.2-1.4-3.2-3.2S17,10.2,18.8,10.2z M34.6,10.2c1.5,0,2.6,1.4,2.6,3.2s-0.5,3.2-1.9,3.2c-1.5,0-3.4-1.4-3.4-3.2S33.1,10.2,34.6,10.2z M50.5,10.2c1.7,0,3.2,1.4,3.2,3.2s-1.4,3.2-3.2,3.2c-1.7,0-3.3-0.9-3.3-2.6S48.7,10.2,50.5,10.2z M66.2,10.2c1.5,0,3.4,1.4,3.4,3.2s-1.9,3.2-3.4,3.2c-1.5,0-2.6-0.4-2.6-2.1S64.8,10.2,66.2,10.2z M82.2,10.2c1.7,0.8,2.6,1.4,2.6,3.2s-0.1,3.2-1.6,3.2c-1.5,0-3.7-1.4-3.7-3.2S80.5,9.4,82.2,10.2zM98.6,10.2c1.5,0,2.6,0.4,2.6,2.1s-1.2,4.2-2.6,4.2c-1.5,0-3.7-0.4-3.7-2.1S97.1,10.2,98.6,10.2z M113.4,10.2c1.2,0,2.2,0.9,2.2,3.2s-0.1,3.2-1.3,3.2s-3.1-1.4-3.1-3.2S112.2,10.2,113.4,10.2z&#039;\/%3E%3C\/svg%3E&quot;);\">\n\t\t\t<span class=\"elementor-divider-separator\">\n\t\t\t\t\t\t<\/span>\n\t\t<\/div>\n\t\t\t\t<\/div>\n\t\t\t\t<\/div>\n\t\t\t\t\t<\/div>\n\t\t<\/div>\n\t\t\t\t\t\t\t<\/div>\n\t\t<\/section>\n\t\t\t\t<section class=\"elementor-section elementor-top-section elementor-element elementor-element-4a3b06a elementor-section-boxed elementor-section-height-default elementor-section-height-default\" data-id=\"4a3b06a\" data-element_type=\"section\">\n\t\t\t\t\t\t<div class=\"elementor-container elementor-column-gap-default\">\n\t\t\t\t\t<div class=\"elementor-column elementor-col-100 elementor-top-column elementor-element elementor-element-820fdba\" data-id=\"820fdba\" data-element_type=\"column\">\n\t\t\t<div class=\"elementor-widget-wrap elementor-element-populated\">\n\t\t\t\t\t\t\t\t<div class=\"elementor-element elementor-element-4d57fc0 elementor-widget elementor-widget-text-editor\" data-id=\"4d57fc0\" data-element_type=\"widget\" data-widget_type=\"text-editor.default\">\n\t\t\t\t<div class=\"elementor-widget-container\">\n\t\t\t\t\t\t\t<p><strong>Comment \u00e7a se passe ?<\/strong><\/p><p><strong>\u00a0<\/strong><\/p><p>Vous venez d\u00e9poser vos jeux de soci\u00e9t\u00e9 et puzzles aupr\u00e8s des ludicaires, 10 max par d\u00e9p\u00f4t.\u00a0<\/p><p>Les jeux doivent \u00eatre <strong>complets<\/strong> et en suffisamment <strong>bon \u00e9tat<\/strong> pour\u00a0 \u00eatre correctement jou\u00e9s.\u00a0<\/p><p>Les ludicaires vous accompagneront pour fixer les prix.\u00a0<\/p><p>Vous r\u00e9cup\u00e9rez :<br \/>60% TTC du prix de vente, si vous souhaitez r\u00e9cup\u00e9rer la somme en ch\u00e8que (\u00e0 la cl\u00f4ture du d\u00e9p\u00f4t en 1 fois)<br \/>70 % TTC du prix de vente, si vous souhaitez utiliser la somme en avoir (dans la boutique).<\/p><p>\u00a0<\/p><p>\u00a0<\/p><p>En boutique, il vous sera demand\u00e9 de remplir une fiche des conditions de d\u00e9p\u00f4t.\u00a0<\/p><p>\u00a0<\/p><p><strong>Pour plus d&rsquo;information n&rsquo;h\u00e9sitez pas \u00e0 nous contacter au\u00a0<span style=\"color: #fff8e6;\">05.63.56.35.11<\/span>\u00a0ou \u00e0 passer nous voir !<\/strong><\/p><p><strong>\u00a0<\/strong><\/p>\t\t\t\t\t\t<\/div>\n\t\t\t\t<\/div>\n\t\t\t\t\t<\/div>\n\t\t<\/div>\n\t\t\t\t\t\t\t<\/div>\n\t\t<\/section>\n\t\t\t\t\t\t\t<\/div>\n\t\t","protected":false},"excerpt":{"rendered":"<p>JEUX EN DEP\u00d4T-VENTE Comment \u00e7a se passe ? \u00a0 Vous venez d\u00e9poser vos jeux de soci\u00e9t\u00e9 et puzzles aupr\u00e8s des ludicaires, 10 max par d\u00e9p\u00f4t.\u00a0 Les jeux doivent \u00eatre complets et en suffisamment bon \u00e9tat pour\u00a0 \u00eatre correctement jou\u00e9s.\u00a0 Les ludicaires vous accompagneront pour fixer les prix.\u00a0 Vous r\u00e9cup\u00e9rez :60% TTC du prix de vente,&hellip; <a class=\"more-link\" href=\"https:\/\/garojeux.fr\/index.php\/2142-2\/depot-vente\/\">Poursuivre la lecture <span class=\"screen-reader-text\">D\u00e9p\u00f4t &#8211; vente<\/span><\/a><\/p>\n","protected":false},"author":79,"featured_media":0,"parent":2142,"menu_order":0,"comment_status":"closed","ping_status":"closed","template":"elementor_canvas","meta":{"inline_featured_image":false},"_links":{"self":[{"href":"https:\/\/garojeux.fr\/index.php\/wp-json\/wp\/v2\/pages\/9797"}],"collection":[{"href":"https:\/\/garojeux.fr\/index.php\/wp-json\/wp\/v2\/pages"}],"about":[{"href":"https:\/\/garojeux.fr\/index.php\/wp-json\/wp\/v2\/types\/page"}],"author":[{"embeddable":true,"href":"https:\/\/garojeux.fr\/index.php\/wp-json\/wp\/v2\/users\/79"}],"replies":[{"embeddable":true,"href":"https:\/\/garojeux.fr\/index.php\/wp-json\/wp\/v2\/comments?post=9797"}],"version-history":[{"count":13,"href":"https:\/\/garojeux.fr\/index.php\/wp-json\/wp\/v2\/pages\/9797\/revisions"}],"predecessor-version":[{"id":9819,"href":"https:\/\/garojeux.fr\/index.php\/wp-json\/wp\/v2\/pages\/9797\/revisions\/9819"}],"up":[{"embeddable":true,"href":"https:\/\/garojeux.fr\/index.php\/wp-json\/wp\/v2\/pages\/2142"}],"wp:attachment":[{"href":"https:\/\/garojeux.fr\/index.php\/wp-json\/wp\/v2\/media?parent=9797"}],"curies":[{"name":"wp","href":"https:\/\/api.w.org\/{rel}","templated":true}]}}