{"id":4074,"date":"2020-11-21T11:59:32","date_gmt":"2020-11-21T10:59:32","guid":{"rendered":"https:\/\/garojeux.fr\/?page_id=4074"},"modified":"2020-11-22T21:18:09","modified_gmt":"2020-11-22T20:18:09","slug":"conditions-generales-de-vente","status":"publish","type":"page","link":"https:\/\/garojeux.fr\/index.php\/conditions-generales-de-vente\/","title":{"rendered":"Conditions g\u00e9n\u00e9rales de vente"},"content":{"rendered":"\t\t<div data-elementor-type=\"wp-post\" data-elementor-id=\"4074\" class=\"elementor elementor-4074\">\n\t\t\t\t\t\t\t\t\t<section class=\"elementor-section elementor-top-section elementor-element elementor-element-ef26277 elementor-section-boxed elementor-section-height-default elementor-section-height-default\" data-id=\"ef26277\" data-element_type=\"section\">\n\t\t\t\t\t\t<div class=\"elementor-container elementor-column-gap-default\">\n\t\t\t\t\t<div class=\"elementor-column elementor-col-100 elementor-top-column elementor-element elementor-element-154d3a5\" data-id=\"154d3a5\" data-element_type=\"column\">\n\t\t\t<div class=\"elementor-widget-wrap elementor-element-populated\">\n\t\t\t\t\t\t\t\t<div class=\"elementor-element elementor-element-dee8fe5 elementor-widget elementor-widget-text-editor\" data-id=\"dee8fe5\" data-element_type=\"widget\" data-widget_type=\"text-editor.default\">\n\t\t\t\t<div class=\"elementor-widget-container\">\n\t\t\t\t\t\t\t<p align=\"justify\"><span style=\"color: #000000;\"><span style=\"font-family: Cantarell;\"><span style=\"font-size: small;\">1-&nbsp;<u>Coordonn\u00e9es&nbsp;:<\/u>&nbsp;la vente de produits par le biais de ce site Internet est r\u00e9alis\u00e9e sous le nom de \u00ab Gar\u00f4jeux \u00bb par la SARL Gar\u00f4jeux, 57 rue Grande C\u00f4te&nbsp; 81600 Gaillac, N\u00b0 SIRET 832389852, joignable \u00e0 l\u2019adresse \u00e9lectronique perrine(@)garojeux.fr ou par t\u00e9l\u00e9phone au +33 6 84 36 34 63.&nbsp;<br><\/span><\/span><\/span><span style=\"color: #000000; font-family: Cantarell; font-size: small; font-weight: var( --e-global-typography-text-font-weight );\">Les informations ou donn\u00e9es personnelles que vous nous communiquez seront trait\u00e9es en vertu des Politiques de Protection des Donn\u00e9es. En utilisant ce site internet, vous donnez votre accord au traitement de ces informations et coordonn\u00e9es et vous d\u00e9clarez que l\u2019ensemble des informations ou coordonn\u00e9es fournies sont v\u00e9ridiques et exactes.<\/span><\/p>\n<p align=\"justify\"><span style=\"color: #000000;\"><span style=\"font-family: Cantarell;\"><span style=\"font-size: small;\"><u>2- Utilisation du site internet&nbsp;:<\/u>&nbsp;en utilisant ce site internet et en passant des commandes sur celui-ci, vous vous engagez \u00e0 utiliser ce site internet uniquement afin d\u2019effectuer des consultations ou passer des commandes juridiquement valables et \u00e0 nous fournir votre adresse \u00e9lectronique, votre adresse postale et\/ou autres coordonn\u00e9es v\u00e9ridiques et exactes. De m\u00eame, vous nous autorisez \u00e0 utiliser ces donn\u00e9es pour que nous puissions vous contacter dans le cadre de votre commande. Vous ne pourrez pas passer de commande si vous ne nous communiquez pas toutes les donn\u00e9es requises. En passant une commande sur ce site internet, vous affirmez que vous \u00eates \u00e2g\u00e9 de plus de 18 ans et que vous jouissez de la capacit\u00e9 juridique pour conclure des contrats.<\/span><\/span><\/span><\/p>\n<p align=\"justify\"><span style=\"color: #000000;\"><span style=\"font-family: Cantarell;\"><span style=\"font-size: small;\"><u>3- Disponibilit\u00e9 des produits&nbsp;:<\/u>&nbsp;toutes les commandes de produits sont soumises \u00e0 la disponibilit\u00e9 de ces derniers. Si les produits ne sont plus en stock, nous nous r\u00e9servons le droit de vous informer sur la possibilit\u00e9 de commander des produits de remplacement. Si vous ne souhaitez pas commander ces produits de remplacement, nous vous rembourserons tout montant \u00e9ventuellement vers\u00e9.<br>Nous nous r\u00e9servons le droit de retirer \u00e0 tout moment tout produit de ce site internet. Dans cette hypoth\u00e8se, si la commande a d\u00e9j\u00e0 \u00e9t\u00e9 pass\u00e9e, nous vous rembourserons tous les montants vers\u00e9. Dans tous les cas, ce remboursement n\u2019entra\u00eenera aucun frais \u00e0 votre charge. Nous ne pourrons \u00eatre tenus pour responsable du non-traitement d\u2019une commande dans le cas d\u00e9crit ci-dessus, m\u00eame apr\u00e8s envoi de la confirmation de commande.<\/span><\/span><\/span><\/p>\n<p align=\"justify\"><span style=\"color: #000000;\"><span style=\"font-family: Cantarell;\"><span style=\"font-size: small;\"><u>4- Click &amp; collect et livraison&nbsp;:<\/u>&nbsp;n<\/span><\/span><\/span><span style=\"color: #000000; font-family: Cantarell; font-size: small; font-weight: var( --e-global-typography-text-font-weight );\">ous nous efforcerons toujours de vous fournir le(s) produit(s) figurant sur la Confirmation d\u2019exp\u00e9dition au plus vite. Des retards peuvent n\u00e9anmoins se produire en cas de circonstances impr\u00e9vues.&nbsp;<\/span><span style=\"font-size: small; font-family: Cantarell; color: #000000; font-weight: var( --e-global-typography-text-font-weight );\">nous n&rsquo;assurons aucune exp\u00e9dition de produit. <br>Nous fonctionnons sur le mod\u00e8le du click &amp; collect (sur rendez-vous aux horaires d&rsquo;ouverture de la boutique) et assurons des livraisons sur de courtes distances : livraison gratuite jusqu&rsquo;\u00e0 10kms autour de Gaillac (81600) si le montant total de votre commande est sup\u00e9rieur \u00e0 30\u20ac, 4\u20ac de livraison si le montant total de votre commande est inf\u00e9rieur \u00e0 30\u20ac.<br><\/span><span style=\"color: #000000; font-family: Cantarell; font-size: small; font-weight: var( --e-global-typography-text-font-weight );\">La propri\u00e9t\u00e9 des produits ne vous sera transf\u00e9r\u00e9e qu\u2019au moment de la livraison.<\/span><\/p>\n<p align=\"justify\"><u style=\"font-weight: var( --e-global-typography-text-font-weight ); font-size: small; font-family: Cantarell; color: #000000;\">5- Prix et paiement&nbsp;:<\/u><span style=\"font-weight: var( --e-global-typography-text-font-weight ); font-size: small; font-family: Cantarell; color: #000000;\">&nbsp;les prix affich\u00e9s sur notre site internet comprennent la TVA au taux l\u00e9galement en vigueur au jour de la vente, mais excluent les frais de livraison \u00e9ventuels. Les prix peuvent \u00eatre modifi\u00e9s \u00e0 tout moment. Toutefois, aucune modification n\u2019aura d\u2019effet sur les commandes vis-\u00e0-vis desquelles une confirmation d\u2019exp\u00e9dition aura d\u00e9j\u00e0 \u00e9t\u00e9 envoy\u00e9e.<br><\/span><span style=\"font-size: small; font-family: Cantarell; color: #000000; font-weight: var( --e-global-typography-text-font-weight );\">Apr\u00e8s avoir choisi tous les produits que vous souhaitez acheter, ceux-ci seront ajout\u00e9s \u00e0 votre panier. Nous proc\u00e9derons ensuite au traitement de votre commande et vous serez invit\u00e9 \u00e0 effectuer le paiement. Vous devez suivre les diff\u00e9rentes \u00e9tapes du processus d\u2019achat en indiquant ou en v\u00e9rifiant les informations requises.<br><\/span><span style=\"font-size: small; font-family: Cantarell; color: #000000; font-weight: var( --e-global-typography-text-font-weight );\">Vous pouvez effectuer le paiement \u00e0 l\u2019aide de la majorit\u00e9 des cartes bancaires.<\/span><\/p>\n<p align=\"justify\"><span style=\"font-family: var( --e-global-typography-text-font-family ), Sans-serif; font-weight: var( --e-global-typography-text-font-weight ); color: #000000;\"><span style=\"font-family: Cantarell;\"><span style=\"font-size: small;\"><u>6- Droit de r\u00e9tractation&nbsp;:<\/u><\/span><\/span><\/span><span style=\"font-family: var( --e-global-typography-text-font-family ), Sans-serif; font-weight: var( --e-global-typography-text-font-weight ); color: #000000;\"><span style=\"font-family: Cantarell;\"><span style=\"font-size: small;\">&nbsp;en tant que consommateur, vous avez le droit de vous r\u00e9tracter du contrat de vente dans un d\u00e9lai de 14 jours sans invoquer de motif. Le d\u00e9lai de r\u00e9tractation expire au bout de 14 jours \u00e0 compter de la date \u00e0 laquelle vous ou un tiers que vous avez d\u00e9sign\u00e9 entre en possession mat\u00e9rielle des produits.&nbsp;<\/span><\/span><\/span><span style=\"font-size: small; font-family: Cantarell; color: #000000; font-weight: var( --e-global-typography-text-font-weight );\">En cas de r\u00e9tractation, vous devrez nous restituer les articles non d\u00e9ball\u00e9s et dans un parfait \u00e9tat.&nbsp;<\/span><span style=\"font-size: small; font-family: Cantarell; color: #000000; font-weight: var( --e-global-typography-text-font-weight );\">Vous recevrez le remboursement de votre commande dans les meilleurs d\u00e9lai et au plus tard dans les 30 jours suivant votre r\u00e9tractation.&nbsp;<\/span><span style=\"font-size: small; font-family: Cantarell; color: #000000; font-weight: var( --e-global-typography-text-font-weight );\">Le droit de r\u00e9tractation ne s\u2019applique pas en cas de commande sp\u00e9cifique.<br><\/span><span style=\"font-size: small; font-family: Cantarell; color: #000000; font-weight: var( --e-global-typography-text-font-weight );\">Pour faire valoir votre droit de r\u00e9tractation, veuillez nous informer de votre d\u00e9cision par une d\u00e9claration \u00e9crite sans \u00e9quivoque (courrier \u00e9lectronique ou postal).&nbsp;<\/span><\/p>\n<p align=\"justify\"><span style=\"color: #000000;\"><span style=\"font-family: Cantarell;\"><span style=\"font-size: small;\"><u>7- Protection des donn\u00e9es \u00e0 caract\u00e8re personnel&nbsp;:<\/u>&nbsp;vous disposez d\u2019un droit d\u2019acc\u00e8s, de rectification et de suppression des donn\u00e9es \u00e0 caract\u00e8re personnel vous concernant. Aucun transfert, aucune commercialisation, aucun troc de vos donn\u00e9es personnelles vers des parties ext\u00e9rieures n\u2019est r\u00e9alis\u00e9.<\/span><\/span><\/span><\/p>\t\t\t\t\t\t<\/div>\n\t\t\t\t<\/div>\n\t\t\t\t\t<\/div>\n\t\t<\/div>\n\t\t\t\t\t\t\t<\/div>\n\t\t<\/section>\n\t\t\t\t\t\t\t<\/div>\n\t\t","protected":false},"excerpt":{"rendered":"<p>1-&nbsp;Coordonn\u00e9es&nbsp;:&nbsp;la vente de produits par le biais de ce site Internet est r\u00e9alis\u00e9e sous le nom de \u00ab Gar\u00f4jeux \u00bb par la SARL Gar\u00f4jeux, 57 rue Grande C\u00f4te&nbsp; 81600 Gaillac, N\u00b0 SIRET 832389852, joignable \u00e0 l\u2019adresse \u00e9lectronique perrine(@)garojeux.fr ou par t\u00e9l\u00e9phone au +33 6 84 36 34 63.&nbsp;Les informations ou donn\u00e9es personnelles que vous nous&hellip; <a class=\"more-link\" href=\"https:\/\/garojeux.fr\/index.php\/conditions-generales-de-vente\/\">Poursuivre la lecture <span class=\"screen-reader-text\">Conditions g\u00e9n\u00e9rales de vente<\/span><\/a><\/p>\n","protected":false},"author":3,"featured_media":0,"parent":0,"menu_order":0,"comment_status":"closed","ping_status":"closed","template":"","meta":{"inline_featured_image":false},"_links":{"self":[{"href":"https:\/\/garojeux.fr\/index.php\/wp-json\/wp\/v2\/pages\/4074"}],"collection":[{"href":"https:\/\/garojeux.fr\/index.php\/wp-json\/wp\/v2\/pages"}],"about":[{"href":"https:\/\/garojeux.fr\/index.php\/wp-json\/wp\/v2\/types\/page"}],"author":[{"embeddable":true,"href":"https:\/\/garojeux.fr\/index.php\/wp-json\/wp\/v2\/users\/3"}],"replies":[{"embeddable":true,"href":"https:\/\/garojeux.fr\/index.php\/wp-json\/wp\/v2\/comments?post=4074"}],"version-history":[{"count":13,"href":"https:\/\/garojeux.fr\/index.php\/wp-json\/wp\/v2\/pages\/4074\/revisions"}],"predecessor-version":[{"id":7771,"href":"https:\/\/garojeux.fr\/index.php\/wp-json\/wp\/v2\/pages\/4074\/revisions\/7771"}],"wp:attachment":[{"href":"https:\/\/garojeux.fr\/index.php\/wp-json\/wp\/v2\/media?parent=4074"}],"curies":[{"name":"wp","href":"https:\/\/api.w.org\/{rel}","templated":true}]}}