{"id":2142,"date":"2020-11-07T17:33:17","date_gmt":"2020-11-07T16:33:17","guid":{"rendered":"https:\/\/garojeux.fr\/?page_id=2142"},"modified":"2026-04-04T20:07:59","modified_gmt":"2026-04-04T18:07:59","slug":"2142-2","status":"publish","type":"page","link":"https:\/\/garojeux.fr\/","title":{"rendered":"PAGE ACCUEIL"},"content":{"rendered":"\t\t<div data-elementor-type=\"wp-page\" data-elementor-id=\"2142\" class=\"elementor elementor-2142\">\n\t\t\t\t\t\t\t\t\t<section class=\"elementor-section elementor-top-section elementor-element elementor-element-0c20ea9 elementor-section-content-top elementor-section-stretched elementor-section-boxed elementor-section-height-default elementor-section-height-default\" data-id=\"0c20ea9\" data-element_type=\"section\" data-settings=\"{&quot;background_background&quot;:&quot;classic&quot;,&quot;stretch_section&quot;:&quot;section-stretched&quot;}\">\n\t\t\t\t\t\t<div class=\"elementor-container elementor-column-gap-wide\">\n\t\t\t\t\t<div class=\"elementor-column elementor-col-14 elementor-top-column elementor-element elementor-element-7fd431d\" data-id=\"7fd431d\" data-element_type=\"column\">\n\t\t\t<div class=\"elementor-widget-wrap elementor-element-populated\">\n\t\t\t\t\t\t\t\t<div class=\"elementor-element elementor-element-cafd15a elementor-align-center elementor-widget__width-initial elementor-widget elementor-widget-button\" data-id=\"cafd15a\" data-element_type=\"widget\" data-widget_type=\"button.default\">\n\t\t\t\t<div class=\"elementor-widget-container\">\n\t\t\t\t\t<div class=\"elementor-button-wrapper\">\n\t\t\t<a class=\"elementor-button elementor-button-link elementor-size-md elementor-animation-shrink\" href=\"https:\/\/garojeux.fr\/index.php\/2142-2\/espace-jeu\/\" target=\"_blank\">\n\t\t\t\t\t\t<span class=\"elementor-button-content-wrapper\">\n\t\t\t\t\t\t<span class=\"elementor-button-text\">L'Espace Jeu<\/span>\n\t\t<\/span>\n\t\t\t\t\t<\/a>\n\t\t<\/div>\n\t\t\t\t<\/div>\n\t\t\t\t<\/div>\n\t\t\t\t\t<\/div>\n\t\t<\/div>\n\t\t\t\t<div class=\"elementor-column elementor-col-14 elementor-top-column elementor-element elementor-element-5cfbdbb\" data-id=\"5cfbdbb\" data-element_type=\"column\">\n\t\t\t<div class=\"elementor-widget-wrap elementor-element-populated\">\n\t\t\t\t\t\t\t\t<div class=\"elementor-element elementor-element-80f40b7 elementor-align-center elementor-widget__width-initial elementor-widget elementor-widget-button\" data-id=\"80f40b7\" data-element_type=\"widget\" data-widget_type=\"button.default\">\n\t\t\t\t<div class=\"elementor-widget-container\">\n\t\t\t\t\t<div class=\"elementor-button-wrapper\">\n\t\t\t<a class=\"elementor-button elementor-button-link elementor-size-md elementor-animation-shrink\" href=\"https:\/\/garojeux.fr\/index.php\/2142-2\/jeux-en-location\/\" target=\"_blank\">\n\t\t\t\t\t\t<span class=\"elementor-button-content-wrapper\">\n\t\t\t\t\t\t<span class=\"elementor-button-text\">La Location<\/span>\n\t\t<\/span>\n\t\t\t\t\t<\/a>\n\t\t<\/div>\n\t\t\t\t<\/div>\n\t\t\t\t<\/div>\n\t\t\t\t\t<\/div>\n\t\t<\/div>\n\t\t\t\t<div class=\"elementor-column elementor-col-14 elementor-top-column elementor-element elementor-element-3321e1b\" data-id=\"3321e1b\" data-element_type=\"column\">\n\t\t\t<div class=\"elementor-widget-wrap elementor-element-populated\">\n\t\t\t\t\t\t\t\t<div class=\"elementor-element elementor-element-d11b3f2 elementor-align-center elementor-widget__width-initial elementor-widget elementor-widget-button\" data-id=\"d11b3f2\" data-element_type=\"widget\" data-widget_type=\"button.default\">\n\t\t\t\t<div class=\"elementor-widget-container\">\n\t\t\t\t\t<div class=\"elementor-button-wrapper\">\n\t\t\t<a class=\"elementor-button elementor-button-link elementor-size-md elementor-animation-shrink\" href=\"https:\/\/garojeux.fr\/index.php\/2142-2\/depot-vente\/\" target=\"_blank\">\n\t\t\t\t\t\t<span class=\"elementor-button-content-wrapper\">\n\t\t\t\t\t\t<span class=\"elementor-button-text\">Le D\u00e9p\u00f4t-vente<\/span>\n\t\t<\/span>\n\t\t\t\t\t<\/a>\n\t\t<\/div>\n\t\t\t\t<\/div>\n\t\t\t\t<\/div>\n\t\t\t\t\t<\/div>\n\t\t<\/div>\n\t\t\t\t<div class=\"elementor-column elementor-col-14 elementor-top-column elementor-element elementor-element-5f0dc39\" data-id=\"5f0dc39\" data-element_type=\"column\">\n\t\t\t<div class=\"elementor-widget-wrap elementor-element-populated\">\n\t\t\t\t\t\t\t\t<div class=\"elementor-element elementor-element-f4d4f36 elementor-align-center elementor-widget__width-initial elementor-widget elementor-widget-button\" data-id=\"f4d4f36\" data-element_type=\"widget\" data-widget_type=\"button.default\">\n\t\t\t\t<div class=\"elementor-widget-container\">\n\t\t\t\t\t<div class=\"elementor-button-wrapper\">\n\t\t\t<a class=\"elementor-button elementor-button-link elementor-size-md elementor-animation-shrink\" href=\"https:\/\/garojeux.fr\/index.php\/2142-2\/carte-gourmande\/\" target=\"_blank\">\n\t\t\t\t\t\t<span class=\"elementor-button-content-wrapper\">\n\t\t\t\t\t\t<span class=\"elementor-button-text\">La Carte Gourmande<\/span>\n\t\t<\/span>\n\t\t\t\t\t<\/a>\n\t\t<\/div>\n\t\t\t\t<\/div>\n\t\t\t\t<\/div>\n\t\t\t\t\t<\/div>\n\t\t<\/div>\n\t\t\t\t<div class=\"elementor-column elementor-col-14 elementor-top-column elementor-element elementor-element-85cefec\" data-id=\"85cefec\" data-element_type=\"column\">\n\t\t\t<div class=\"elementor-widget-wrap elementor-element-populated\">\n\t\t\t\t\t\t\t\t<div class=\"elementor-element elementor-element-e6650b8 elementor-align-center elementor-widget__width-initial elementor-widget elementor-widget-button\" data-id=\"e6650b8\" data-element_type=\"widget\" data-widget_type=\"button.default\">\n\t\t\t\t<div class=\"elementor-widget-container\">\n\t\t\t\t\t<div class=\"elementor-button-wrapper\">\n\t\t\t<a class=\"elementor-button elementor-button-link elementor-size-md elementor-animation-shrink\" href=\"https:\/\/garojeux.fr\/index.php\/2142-2\/nos-coups-de-coeur-du-moment-3\/\" target=\"_blank\">\n\t\t\t\t\t\t<span class=\"elementor-button-content-wrapper\">\n\t\t\t\t\t\t<span class=\"elementor-button-text\">Nos Coups de Coeur<\/span>\n\t\t<\/span>\n\t\t\t\t\t<\/a>\n\t\t<\/div>\n\t\t\t\t<\/div>\n\t\t\t\t<\/div>\n\t\t\t\t\t<\/div>\n\t\t<\/div>\n\t\t\t\t<div class=\"elementor-column elementor-col-14 elementor-top-column elementor-element elementor-element-033a258\" data-id=\"033a258\" data-element_type=\"column\">\n\t\t\t<div class=\"elementor-widget-wrap elementor-element-populated\">\n\t\t\t\t\t\t\t\t<div class=\"elementor-element elementor-element-a76c1eb elementor-align-center elementor-widget__width-initial elementor-widget elementor-widget-button\" data-id=\"a76c1eb\" data-element_type=\"widget\" data-widget_type=\"button.default\">\n\t\t\t\t<div class=\"elementor-widget-container\">\n\t\t\t\t\t<div class=\"elementor-button-wrapper\">\n\t\t\t<a class=\"elementor-button elementor-button-link elementor-size-md elementor-animation-shrink\" href=\"https:\/\/garojeux.fr\/index.php\/2142-2\/derniers-arrives\/\" target=\"_blank\">\n\t\t\t\t\t\t<span class=\"elementor-button-content-wrapper\">\n\t\t\t\t\t\t<span class=\"elementor-button-text\">Les Derniers Arriv\u00e9s<\/span>\n\t\t<\/span>\n\t\t\t\t\t<\/a>\n\t\t<\/div>\n\t\t\t\t<\/div>\n\t\t\t\t<\/div>\n\t\t\t\t\t<\/div>\n\t\t<\/div>\n\t\t\t\t<div class=\"elementor-column elementor-col-14 elementor-top-column elementor-element elementor-element-d56fbb2\" data-id=\"d56fbb2\" data-element_type=\"column\">\n\t\t\t<div class=\"elementor-widget-wrap elementor-element-populated\">\n\t\t\t\t\t\t\t\t<div class=\"elementor-element elementor-element-ccb0ec9 elementor-align-center elementor-widget__width-initial elementor-widget elementor-widget-button\" data-id=\"ccb0ec9\" data-element_type=\"widget\" data-widget_type=\"button.default\">\n\t\t\t\t<div class=\"elementor-widget-container\">\n\t\t\t\t\t<div class=\"elementor-button-wrapper\">\n\t\t\t<a class=\"elementor-button elementor-button-link elementor-size-md elementor-animation-shrink\" href=\"https:\/\/garojeux.fr\/index.php\/2142-2\/nos-classiques-2\/\" target=\"_blank\">\n\t\t\t\t\t\t<span class=\"elementor-button-content-wrapper\">\n\t\t\t\t\t\t<span class=\"elementor-button-text\">Nos Incontournables<\/span>\n\t\t<\/span>\n\t\t\t\t\t<\/a>\n\t\t<\/div>\n\t\t\t\t<\/div>\n\t\t\t\t<\/div>\n\t\t\t\t\t<\/div>\n\t\t<\/div>\n\t\t\t\t\t\t\t<\/div>\n\t\t<\/section>\n\t\t\t\t<section class=\"elementor-section elementor-top-section elementor-element elementor-element-6710c34 elementor-section-boxed elementor-section-height-default elementor-section-height-default\" data-id=\"6710c34\" data-element_type=\"section\" data-settings=\"{&quot;background_background&quot;:&quot;classic&quot;}\">\n\t\t\t\t\t\t\t<div class=\"elementor-background-overlay\"><\/div>\n\t\t\t\t\t\t\t<div class=\"elementor-container elementor-column-gap-default\">\n\t\t\t\t\t<div class=\"elementor-column elementor-col-100 elementor-top-column elementor-element elementor-element-5720b95\" data-id=\"5720b95\" data-element_type=\"column\">\n\t\t\t<div class=\"elementor-widget-wrap elementor-element-populated\">\n\t\t\t\t\t\t\t\t<div class=\"elementor-element elementor-element-7943388 elementor-widget__width-initial elementor-widget elementor-widget-image\" data-id=\"7943388\" data-element_type=\"widget\" data-widget_type=\"image.default\">\n\t\t\t\t<div class=\"elementor-widget-container\">\n\t\t\t\t\t\t\t\t\t\t\t\t<figure class=\"wp-caption\">\n\t\t\t\t\t\t\t\t\t\t<img decoding=\"async\" width=\"762\" height=\"275\" src=\"https:\/\/garojeux.fr\/wp-content\/uploads\/2025\/05\/LOGO_GAROJEUX_ok_JUSTIFIE-detoure-ombre-Copie.png\" class=\"attachment-full size-full wp-image-9133\" alt=\"\" loading=\"lazy\" srcset=\"https:\/\/garojeux.fr\/wp-content\/uploads\/2025\/05\/LOGO_GAROJEUX_ok_JUSTIFIE-detoure-ombre-Copie.png 762w, https:\/\/garojeux.fr\/wp-content\/uploads\/2025\/05\/LOGO_GAROJEUX_ok_JUSTIFIE-detoure-ombre-Copie-300x108.png 300w\" sizes=\"(max-width: 762px) 100vw, 762px\" style=\"width:100%;height:36.09%;max-width:762px\" \/>\t\t\t\t\t\t\t\t\t\t\t<figcaption class=\"widget-image-caption wp-caption-text\">Gaillac<\/figcaption>\n\t\t\t\t\t\t\t\t\t\t<\/figure>\n\t\t\t\t\t\t\t\t\t<\/div>\n\t\t\t\t<\/div>\n\t\t\t\t<div class=\"elementor-element elementor-element-59eeeb0 elementor-widget__width-initial elementor-view-default elementor-widget elementor-widget-icon\" data-id=\"59eeeb0\" data-element_type=\"widget\" data-widget_type=\"icon.default\">\n\t\t\t\t<div class=\"elementor-widget-container\">\n\t\t\t\t\t<div class=\"elementor-icon-wrapper\">\n\t\t\t<a class=\"elementor-icon elementor-animation-shrink\" href=\"https:\/\/www.google.fr\/maps\/place\/Gar%C3%94jeux+-+Boutique+et+Bar+%C3%A0+Jeux+-+Gaillac\/@43.8993844,1.8946613,17z\/data=!3m1!4b1!4m6!3m5!1s0x12add23824316b63:0xf160358737ff32d2!8m2!3d43.8993806!4d1.8972362!16s%2Fg%2F11f_bzkw5t?hl=fr&#038;entry=ttu&#038;g_ep=EgoyMDI1MDYwMS4wIKXMDSoASAFQAw%3D%3D\" target=\"_blank\">\n\t\t\t<i aria-hidden=\"true\" class=\"fas fa-map-marker-alt\"><\/i>\t\t\t<\/a>\n\t\t<\/div>\n\t\t\t\t<\/div>\n\t\t\t\t<\/div>\n\t\t\t\t\t<\/div>\n\t\t<\/div>\n\t\t\t\t\t\t\t<\/div>\n\t\t<\/section>\n\t\t\t\t<section class=\"elementor-section elementor-top-section elementor-element elementor-element-52d80d5 elementor-section-full_width elementor-section-height-default elementor-section-height-default\" data-id=\"52d80d5\" data-element_type=\"section\" data-settings=\"{&quot;background_background&quot;:&quot;classic&quot;}\">\n\t\t\t\t\t\t\t<div class=\"elementor-background-overlay\"><\/div>\n\t\t\t\t\t\t\t<div class=\"elementor-container elementor-column-gap-wide\">\n\t\t\t\t\t<div class=\"elementor-column elementor-col-33 elementor-top-column elementor-element elementor-element-e8f16ae\" data-id=\"e8f16ae\" data-element_type=\"column\">\n\t\t\t<div class=\"elementor-widget-wrap elementor-element-populated\">\n\t\t\t\t\t\t\t\t<div class=\"elementor-element elementor-element-0b35efb elementor-widget__width-initial elementor-widget elementor-widget-image\" data-id=\"0b35efb\" data-element_type=\"widget\" data-widget_type=\"image.default\">\n\t\t\t\t<div class=\"elementor-widget-container\">\n\t\t\t\t\t\t\t\t\t\t\t\t\t\t\t\t<a href=\"https:\/\/garojeux.fr\/index.php\/2142-2\/nos-coups-de-coeur-du-moment-3\/\" target=\"_blank\">\n\t\t\t\t\t\t\t<img decoding=\"async\" width=\"750\" height=\"530\" src=\"https:\/\/garojeux.fr\/wp-content\/uploads\/2026\/03\/nos-coups-de-coeur-du-moment-Photoroom-1024x723.png\" class=\"elementor-animation-shrink attachment-large size-large wp-image-9736\" alt=\"\" loading=\"lazy\" srcset=\"https:\/\/garojeux.fr\/wp-content\/uploads\/2026\/03\/nos-coups-de-coeur-du-moment-Photoroom-1024x723.png 1024w, https:\/\/garojeux.fr\/wp-content\/uploads\/2026\/03\/nos-coups-de-coeur-du-moment-Photoroom-300x212.png 300w, https:\/\/garojeux.fr\/wp-content\/uploads\/2026\/03\/nos-coups-de-coeur-du-moment-Photoroom-768x542.png 768w, https:\/\/garojeux.fr\/wp-content\/uploads\/2026\/03\/nos-coups-de-coeur-du-moment-Photoroom.png 1280w\" sizes=\"(max-width: 750px) 100vw, 750px\" style=\"width:100%;height:70.63%;max-width:1280px\" \/>\t\t\t\t\t\t\t\t<\/a>\n\t\t\t\t\t\t\t\t\t\t\t\t\t\t\t<\/div>\n\t\t\t\t<\/div>\n\t\t\t\t\t<\/div>\n\t\t<\/div>\n\t\t\t\t<div class=\"elementor-column elementor-col-33 elementor-top-column elementor-element elementor-element-a96a987\" data-id=\"a96a987\" data-element_type=\"column\">\n\t\t\t<div class=\"elementor-widget-wrap elementor-element-populated\">\n\t\t\t\t\t\t\t\t<div class=\"elementor-element elementor-element-f32e333 elementor-widget__width-initial elementor-widget elementor-widget-image\" data-id=\"f32e333\" data-element_type=\"widget\" data-widget_type=\"image.default\">\n\t\t\t\t<div class=\"elementor-widget-container\">\n\t\t\t\t\t\t\t\t\t\t\t\t\t\t\t\t<a href=\"https:\/\/garojeux.fr\/index.php\/2142-2\/derniers-arrives\/\" target=\"_blank\">\n\t\t\t\t\t\t\t<img decoding=\"async\" width=\"750\" height=\"530\" src=\"https:\/\/garojeux.fr\/wp-content\/uploads\/2026\/02\/les-derniers-arrives1-Photoroom-1024x723.png\" class=\"elementor-animation-shrink attachment-large size-large wp-image-9688\" alt=\"\" loading=\"lazy\" srcset=\"https:\/\/garojeux.fr\/wp-content\/uploads\/2026\/02\/les-derniers-arrives1-Photoroom-1024x723.png 1024w, https:\/\/garojeux.fr\/wp-content\/uploads\/2026\/02\/les-derniers-arrives1-Photoroom-300x212.png 300w, https:\/\/garojeux.fr\/wp-content\/uploads\/2026\/02\/les-derniers-arrives1-Photoroom-768x542.png 768w, https:\/\/garojeux.fr\/wp-content\/uploads\/2026\/02\/les-derniers-arrives1-Photoroom.png 1280w\" sizes=\"(max-width: 750px) 100vw, 750px\" style=\"width:100%;height:70.63%;max-width:1280px\" \/>\t\t\t\t\t\t\t\t<\/a>\n\t\t\t\t\t\t\t\t\t\t\t\t\t\t\t<\/div>\n\t\t\t\t<\/div>\n\t\t\t\t\t<\/div>\n\t\t<\/div>\n\t\t\t\t<div class=\"elementor-column elementor-col-33 elementor-top-column elementor-element elementor-element-cf5b08d\" data-id=\"cf5b08d\" data-element_type=\"column\">\n\t\t\t<div class=\"elementor-widget-wrap elementor-element-populated\">\n\t\t\t\t\t\t\t\t<div class=\"elementor-element elementor-element-7597b8e elementor-widget__width-initial elementor-widget elementor-widget-image\" data-id=\"7597b8e\" data-element_type=\"widget\" data-widget_type=\"image.default\">\n\t\t\t\t<div class=\"elementor-widget-container\">\n\t\t\t\t\t\t\t\t\t\t\t\t\t\t\t\t<a href=\"https:\/\/garojeux.fr\/index.php\/2142-2\/nos-classiques-2\/\" target=\"_blank\">\n\t\t\t\t\t\t\t<img decoding=\"async\" width=\"750\" height=\"530\" src=\"https:\/\/garojeux.fr\/wp-content\/uploads\/2026\/03\/Nos-classiques-Photoroom-1024x723.png\" class=\"elementor-animation-shrink attachment-large size-large wp-image-9771\" alt=\"\" loading=\"lazy\" srcset=\"https:\/\/garojeux.fr\/wp-content\/uploads\/2026\/03\/Nos-classiques-Photoroom-1024x723.png 1024w, https:\/\/garojeux.fr\/wp-content\/uploads\/2026\/03\/Nos-classiques-Photoroom-300x212.png 300w, https:\/\/garojeux.fr\/wp-content\/uploads\/2026\/03\/Nos-classiques-Photoroom-768x542.png 768w, https:\/\/garojeux.fr\/wp-content\/uploads\/2026\/03\/Nos-classiques-Photoroom.png 1280w\" sizes=\"(max-width: 750px) 100vw, 750px\" style=\"width:100%;height:70.63%;max-width:1280px\" \/>\t\t\t\t\t\t\t\t<\/a>\n\t\t\t\t\t\t\t\t\t\t\t\t\t\t\t<\/div>\n\t\t\t\t<\/div>\n\t\t\t\t\t<\/div>\n\t\t<\/div>\n\t\t\t\t\t\t\t<\/div>\n\t\t<\/section>\n\t\t\t\t<section class=\"elementor-section elementor-top-section elementor-element elementor-element-d0e15b9 elementor-section-boxed elementor-section-height-default elementor-section-height-default\" data-id=\"d0e15b9\" data-element_type=\"section\" data-settings=\"{&quot;background_background&quot;:&quot;classic&quot;}\">\n\t\t\t\t\t\t\t<div class=\"elementor-background-overlay\"><\/div>\n\t\t\t\t\t\t\t<div class=\"elementor-container elementor-column-gap-default\">\n\t\t\t\t\t<div class=\"elementor-column elementor-col-100 elementor-top-column elementor-element elementor-element-de73a47\" data-id=\"de73a47\" data-element_type=\"column\">\n\t\t\t<div class=\"elementor-widget-wrap elementor-element-populated\">\n\t\t\t\t\t\t\t\t<div class=\"elementor-element elementor-element-6f7200f animated-slow elementor-widget__width-initial elementor-widget-mobile__width-initial elementor-view-stacked elementor-shape-circle elementor-invisible elementor-widget elementor-widget-icon\" data-id=\"6f7200f\" data-element_type=\"widget\" data-settings=\"{&quot;_animation&quot;:&quot;fadeInRight&quot;,&quot;_animation_delay&quot;:600}\" data-widget_type=\"icon.default\">\n\t\t\t\t<div class=\"elementor-widget-container\">\n\t\t\t\t\t<div class=\"elementor-icon-wrapper\">\n\t\t\t<a class=\"elementor-icon\" href=\"https:\/\/www.facebook.com\/garojeux\" target=\"_blank\">\n\t\t\t<i aria-hidden=\"true\" class=\"fab fa-facebook-f\"><\/i>\t\t\t<\/a>\n\t\t<\/div>\n\t\t\t\t<\/div>\n\t\t\t\t<\/div>\n\t\t\t\t<div class=\"elementor-element elementor-element-53658ca animated-slow elementor-widget__width-initial elementor-widget-mobile__width-initial elementor-view-stacked elementor-shape-circle elementor-invisible elementor-widget elementor-widget-icon\" data-id=\"53658ca\" data-element_type=\"widget\" data-settings=\"{&quot;_animation&quot;:&quot;fadeInLeft&quot;,&quot;_animation_delay&quot;:600}\" data-widget_type=\"icon.default\">\n\t\t\t\t<div class=\"elementor-widget-container\">\n\t\t\t\t\t<div class=\"elementor-icon-wrapper\">\n\t\t\t<a class=\"elementor-icon\" href=\"https:\/\/www.instagram.com\/garojeux_gaillac\/\" target=\"_blank\">\n\t\t\t<i aria-hidden=\"true\" class=\"fab fa-instagram\"><\/i>\t\t\t<\/a>\n\t\t<\/div>\n\t\t\t\t<\/div>\n\t\t\t\t<\/div>\n\t\t\t\t<div class=\"elementor-element elementor-element-d631759 elementor-widget elementor-widget-spacer\" data-id=\"d631759\" data-element_type=\"widget\" data-widget_type=\"spacer.default\">\n\t\t\t\t<div class=\"elementor-widget-container\">\n\t\t\t\t\t<div class=\"elementor-spacer\">\n\t\t\t<div class=\"elementor-spacer-inner\"><\/div>\n\t\t<\/div>\n\t\t\t\t<\/div>\n\t\t\t\t<\/div>\n\t\t\t\t<div class=\"elementor-element elementor-element-b49f294 elementor-align-center elementor-mobile-align-center elementor-widget-mobile__width-initial elementor-invisible elementor-widget elementor-widget-button\" data-id=\"b49f294\" data-element_type=\"widget\" data-settings=\"{&quot;_animation&quot;:&quot;fadeIn&quot;}\" data-widget_type=\"button.default\">\n\t\t\t\t<div class=\"elementor-widget-container\">\n\t\t\t\t\t<div class=\"elementor-button-wrapper\">\n\t\t\t<a class=\"elementor-button elementor-button-link elementor-size-lg elementor-animation-shrink\" href=\"https:\/\/garojeux.fr\/wp-content\/uploads\/2026\/03\/agenda-avril_compressed.pdf\" target=\"_blank\">\n\t\t\t\t\t\t<span class=\"elementor-button-content-wrapper\">\n\t\t\t\t\t\t<span class=\"elementor-button-text\">T\u00e9l\u00e9chargez l'agenda du mois en pdf<\/span>\n\t\t<\/span>\n\t\t\t\t\t<\/a>\n\t\t<\/div>\n\t\t\t\t<\/div>\n\t\t\t\t<\/div>\n\t\t\t\t<div class=\"elementor-element elementor-element-22ee274 elementor-widget elementor-widget-spacer\" data-id=\"22ee274\" data-element_type=\"widget\" data-widget_type=\"spacer.default\">\n\t\t\t\t<div class=\"elementor-widget-container\">\n\t\t\t\t\t<div class=\"elementor-spacer\">\n\t\t\t<div class=\"elementor-spacer-inner\"><\/div>\n\t\t<\/div>\n\t\t\t\t<\/div>\n\t\t\t\t<\/div>\n\t\t\t\t<div class=\"elementor-element elementor-element-16317a1 animated-slow elementor-widget-mobile__width-initial elementor-invisible elementor-widget elementor-widget-image\" data-id=\"16317a1\" data-element_type=\"widget\" data-settings=\"{&quot;_animation&quot;:&quot;bounceInLeft&quot;}\" data-widget_type=\"image.default\">\n\t\t\t\t<div class=\"elementor-widget-container\">\n\t\t\t\t\t\t\t\t\t\t\t\t\t\t\t<img decoding=\"async\" width=\"1414\" height=\"2000\" src=\"https:\/\/garojeux.fr\/wp-content\/uploads\/2026\/03\/agenda-avril.jpg\" class=\"attachment-full size-full wp-image-9786\" alt=\"\" loading=\"lazy\" srcset=\"https:\/\/garojeux.fr\/wp-content\/uploads\/2026\/03\/agenda-avril.jpg 1414w, https:\/\/garojeux.fr\/wp-content\/uploads\/2026\/03\/agenda-avril-212x300.jpg 212w, https:\/\/garojeux.fr\/wp-content\/uploads\/2026\/03\/agenda-avril-724x1024.jpg 724w, https:\/\/garojeux.fr\/wp-content\/uploads\/2026\/03\/agenda-avril-768x1086.jpg 768w, https:\/\/garojeux.fr\/wp-content\/uploads\/2026\/03\/agenda-avril-1086x1536.jpg 1086w\" sizes=\"(max-width: 1414px) 100vw, 1414px\" style=\"width:100%;height:141.44%;max-width:1414px\" \/>\t\t\t\t\t\t\t\t\t\t\t\t\t\t\t<\/div>\n\t\t\t\t<\/div>\n\t\t\t\t<div class=\"elementor-element elementor-element-69a5de7 animated-slow elementor-invisible elementor-widget elementor-widget-image\" data-id=\"69a5de7\" data-element_type=\"widget\" data-settings=\"{&quot;_animation&quot;:&quot;bounceInRight&quot;}\" data-widget_type=\"image.default\">\n\t\t\t\t<div class=\"elementor-widget-container\">\n\t\t\t\t\t\t\t\t\t\t\t\t\t\t\t<img decoding=\"async\" width=\"1414\" height=\"2000\" src=\"https:\/\/garojeux.fr\/wp-content\/uploads\/2026\/03\/affiche-v2.png\" class=\"attachment-full size-full wp-image-9792\" alt=\"\" loading=\"lazy\" srcset=\"https:\/\/garojeux.fr\/wp-content\/uploads\/2026\/03\/affiche-v2.png 1414w, https:\/\/garojeux.fr\/wp-content\/uploads\/2026\/03\/affiche-v2-212x300.png 212w, https:\/\/garojeux.fr\/wp-content\/uploads\/2026\/03\/affiche-v2-724x1024.png 724w, https:\/\/garojeux.fr\/wp-content\/uploads\/2026\/03\/affiche-v2-768x1086.png 768w, https:\/\/garojeux.fr\/wp-content\/uploads\/2026\/03\/affiche-v2-1086x1536.png 1086w\" sizes=\"(max-width: 1414px) 100vw, 1414px\" style=\"width:100%;height:141.44%;max-width:1414px\" \/>\t\t\t\t\t\t\t\t\t\t\t\t\t\t\t<\/div>\n\t\t\t\t<\/div>\n\t\t\t\t\t<\/div>\n\t\t<\/div>\n\t\t\t\t\t\t\t<\/div>\n\t\t<\/section>\n\t\t\t\t<section class=\"elementor-section elementor-top-section elementor-element elementor-element-f7413df elementor-section-boxed elementor-section-height-default elementor-section-height-default\" data-id=\"f7413df\" data-element_type=\"section\" data-settings=\"{&quot;background_background&quot;:&quot;classic&quot;}\">\n\t\t\t\t\t\t<div class=\"elementor-container elementor-column-gap-default\">\n\t\t\t\t\t<div class=\"elementor-column elementor-col-100 elementor-top-column elementor-element elementor-element-105af8e\" data-id=\"105af8e\" data-element_type=\"column\">\n\t\t\t<div class=\"elementor-widget-wrap elementor-element-populated\">\n\t\t\t\t\t\t\t\t<div class=\"elementor-element elementor-element-a389cb0 elementor-widget elementor-widget-text-editor\" data-id=\"a389cb0\" data-element_type=\"widget\" data-widget_type=\"text-editor.default\">\n\t\t\t\t<div class=\"elementor-widget-container\">\n\t\t\t\t\t\t\t<p style=\"text-align: center;\"><span style=\"color: #fff8e6;\">18 rue Portal, 81600 Gaillac &#8211; 05 63 56 35 11 &#8211; 06 84 36 34 63 &#8211; perrine@garojeux.fr<br \/><\/span><\/p>\t\t\t\t\t\t<\/div>\n\t\t\t\t<\/div>\n\t\t\t\t\t<\/div>\n\t\t<\/div>\n\t\t\t\t\t\t\t<\/div>\n\t\t<\/section>\n\t\t\t\t\t\t\t<\/div>\n\t\t","protected":false},"excerpt":{"rendered":"<p>L&rsquo;Espace Jeu La Location Le D\u00e9p\u00f4t-vente La Carte Gourmande Nos Coups de Coeur Les Derniers Arriv\u00e9s Nos Incontournables Gaillac T\u00e9l\u00e9chargez l&rsquo;agenda du mois en pdf 18 rue Portal, 81600 Gaillac &#8211; 05 63 56 35 11 &#8211; 06 84 36 34 63 &#8211; perrine@garojeux.fr<\/p>\n","protected":false},"author":3,"featured_media":0,"parent":0,"menu_order":0,"comment_status":"closed","ping_status":"closed","template":"elementor_canvas","meta":{"inline_featured_image":false},"_links":{"self":[{"href":"https:\/\/garojeux.fr\/index.php\/wp-json\/wp\/v2\/pages\/2142"}],"collection":[{"href":"https:\/\/garojeux.fr\/index.php\/wp-json\/wp\/v2\/pages"}],"about":[{"href":"https:\/\/garojeux.fr\/index.php\/wp-json\/wp\/v2\/types\/page"}],"author":[{"embeddable":true,"href":"https:\/\/garojeux.fr\/index.php\/wp-json\/wp\/v2\/users\/3"}],"replies":[{"embeddable":true,"href":"https:\/\/garojeux.fr\/index.php\/wp-json\/wp\/v2\/comments?post=2142"}],"version-history":[{"count":579,"href":"https:\/\/garojeux.fr\/index.php\/wp-json\/wp\/v2\/pages\/2142\/revisions"}],"predecessor-version":[{"id":9825,"href":"https:\/\/garojeux.fr\/index.php\/wp-json\/wp\/v2\/pages\/2142\/revisions\/9825"}],"wp:attachment":[{"href":"https:\/\/garojeux.fr\/index.php\/wp-json\/wp\/v2\/media?parent=2142"}],"curies":[{"name":"wp","href":"https:\/\/api.w.org\/{rel}","templated":true}]}}